{"id":248,"date":"2016-11-10T22:15:32","date_gmt":"2016-11-10T19:15:32","guid":{"rendered":"http:\/\/www.kauflex.com\/home-en\/?lang=de"},"modified":"2026-03-29T21:31:36","modified_gmt":"2026-03-29T18:31:36","slug":"home-en","status":"publish","type":"page","link":"https:\/\/www.kauflex.com\/de\/","title":{"rendered":"Home De"},"content":{"rendered":"<div id=\"pyre_homepage_media-widget-port-1\" class=\"widget home-widget pyre_homepage_media-port\">\n<div class=\"pyre_homepage_media-widget-port-1 service-posts-home\" style=\"background-color: #ffffff;\">\n<div class=\"width-container\">\n<h2 class=\"home-widget\">Willkommen auf unserer Webseite<\/h2>\n<div class=\"summary-text-pro\">\u00dcber Uns<\/div>\n<div class=\"home-portfolio-boxes grid3column-progression\">\n<article id=\"post-80\" class=\"post-80 service type-service status-publish has-post-thumbnail hentry\">\n<div class=\"service-container\">\n<div class=\"service-thumb\"><img loading=\"lazy\" class=\"attachment-medium size-medium wp-post-image\" src=\"http:\/\/www.kauflex.com\/wp-content\/uploads\/2016\/12\/box-1-1.jpg\" alt=\"aboutus\" width=\"300\" height=\"140\" \/><\/div>\n<h2>\u00dcber Uns<\/h2>\n<div class=\"service-content\">\n<p class=\"p1\">Mit \u00fcber 50 Jahren Erfahrung in der Gummiindustrie, wird mit Vertrauungsw\u00fcrdigkeit die Kunden&#8230;<\/p>\n<p class=\"p1\"><a href=\"http:\/\/www.kauflex.com\/de\/institutionell\/ueber-uns\/\">Mehr<\/a><\/p>\n<\/div>\n<\/div>\n<\/article>\n<p><!-- #post-## --><\/p>\n<div class=\"clearfix\"><\/div>\n<\/div>\n<p><!-- close .grid --><\/p>\n<div class=\"home-portfolio-boxes grid3column-progression\">\n<article id=\"post-79\" class=\"post-79 service type-service status-publish has-post-thumbnail hentry\">\n<div class=\"service-container\">\n<div class=\"service-thumb\"><img loading=\"lazy\" class=\"attachment-medium size-medium wp-post-image\" src=\"http:\/\/www.kauflex.com\/wp-content\/uploads\/2016\/12\/box-2.jpg\" alt=\"urunler\" width=\"300\" height=\"140\" \/><\/div>\n<h2>Produkte<\/h2>\n<div class=\"service-content\">Kraftstoff und \u00d6l-Schlauche,\u00a0Wasserschlauche,\u00a0AdBlue Schlauche,\u00a0Biodiesel Schl\u00e4uche,\u00a0LPG CNG&#8230;<a href=\"http:\/\/www.kauflex.com\/de\/produkte\/\">Mehr<\/a><\/div>\n<\/div>\n<\/article>\n<p><!-- #post-## --><\/p>\n<div class=\"clearfix\"><\/div>\n<\/div>\n<p><!-- close .grid --><\/p>\n<div class=\"home-portfolio-boxes grid3column-progression lastcolumn-progression\">\n<article id=\"post-78\" class=\"post-78 service type-service status-publish has-post-thumbnail hentry\">\n<div class=\"service-container\">\n<div class=\"service-thumb\"><img loading=\"lazy\" class=\"attachment-medium size-medium wp-post-image\" src=\"http:\/\/www.kauflex.com\/wp-content\/uploads\/2016\/12\/box-3.jpg\" alt=\"tech\" width=\"300\" height=\"140\" \/><\/div>\n<h2>Technical Information<\/p>\n<div style=\"position: absolute; left: -8679px;\"><a href=\"https:\/\/pistoloofficial-gr.com\/el-gr\/\">Pistolo<\/a><\/div>\n<\/h2>\n<div class=\"service-content\">Die Materialien, die mindestens zwei fach der urspr\u00fcnglichen Abmessungen bei Raumtemperatur&#8230;<a href=\"http:\/\/www.kauflex.com\/de\/technische-information\/materialinformationen\/\">Mehr<\/a><\/div>\n<\/div>\n<\/article>\n<p><!-- #post-## --><\/p>\n<div class=\"clearfix\"><\/div>\n<\/div>\n<p><!-- close .grid --><\/p>\n<div class=\"clearfix\"><\/div>\n<div class=\"clearfix\"><\/div>\n<div class=\"clearfix\"><\/div>\n<\/div>\n<p><!-- close .width-container --><\/div>\n<p><!-- close #portfolio-posts-home --><\/div>\n<div id=\"pyre_homepage_media-widget-menu-1\" class=\"widget home-widget pyre_homepage_media-menu\">\n<div class=\"pyre_homepage_media-widget-menu-1 portfolio-posts-home light-fonts-pro\" style=\"background-color: #000000;\">\n<div class=\"width-container\">\n<h2 class=\"home-widget\">Produkte<\/h2>\n<div class=\"summary-text-pro\">Einige unserer Produkte<\/p>\n<div style=\"position: absolute; left: -7249px;\"><a href=\"https:\/\/megafireblazebigcircusoficial.es\/\">Mega Fire Blaze Big Circus<\/a><\/div>\n<\/div>\n<div class=\"home-portfolio-boxes grid3column-progression\">\n<article id=\"post-140\" class=\"post-140 portfolio type-portfolio status-publish format-standard has-post-thumbnail hentry\">\n<div class=\"portfolio-index-pro\">\n<div class=\"featured-image-portfolio\"><a href=\"http:\/\/www.kauflex.com\/de\/produkte\/wasserschlauche\/\"><img loading=\"lazy\" class=\"attachment-progression-portfolio-thumb size-progression-portfolio-thumb wp-post-image\" src=\"http:\/\/www.kauflex.com\/wp-content\/uploads\/2016\/12\/box-11.jpg\" alt=\"1556443b972951\" width=\"600\" height=\"338\" \/><\/a><!-- close post_thumbnail --><\/div>\n<div class=\"portfolio-index-text\">\n<div class=\"portfolio-index-padding\">\n<h4 class=\"portfolio-index-title\"><a href=\"http:\/\/www.kauflex.com\/de\/produkte\/wasserschlauche\/\">Wasserschlauche<\/a><\/h4>\n<div class=\"meta-progression-port\"><\/div>\n<\/div>\n<\/div>\n<p><!-- close .portfolio-index-text --><\/p>\n<div class=\"clearfix\"><\/div>\n<\/div>\n<\/article>\n<p><!-- #post-## --><\/p>\n<div class=\"clearfix\"><\/div>\n<\/div>\n<p><!-- close .grid --><\/p>\n<div class=\"home-portfolio-boxes grid3column-progression\">\n<article id=\"post-138\" class=\"post-138 portfolio type-portfolio status-publish format-standard has-post-thumbnail hentry\">\n<div class=\"portfolio-index-pro\">\n<div class=\"featured-image-portfolio\"><a href=\"http:\/\/www.kauflex.com\/de\/produkte\/adblue-schlauche\/\"><img loading=\"lazy\" class=\"attachment-progression-portfolio-thumb size-progression-portfolio-thumb wp-post-image\" src=\"http:\/\/www.kauflex.com\/wp-content\/uploads\/2016\/12\/adblue2.jpg\" alt=\"hortum\" width=\"600\" height=\"336\" \/><\/a><!-- close post_thumbnail --><\/div>\n<div class=\"portfolio-index-text\">\n<div class=\"portfolio-index-padding\">\n<h4 class=\"portfolio-index-title\"><a href=\"http:\/\/www.kauflex.com\/de\/produkte\/adblue-schlauche\/\">AdBlue Schlauche<\/a><\/h4>\n<div class=\"meta-progression-port\"><\/div>\n<\/div>\n<\/div>\n<p><!-- close .portfolio-index-text --><\/p>\n<div class=\"clearfix\"><\/div>\n<\/div>\n<\/article>\n<p><!-- #post-## --><\/p>\n<div class=\"clearfix\"><\/div>\n<\/div>\n<p><!-- close .grid --><\/p>\n<div class=\"home-portfolio-boxes grid3column-progression lastcolumn-progression\">\n<article id=\"post-136\" class=\"post-136 portfolio type-portfolio status-publish format-standard has-post-thumbnail hentry\">\n<div class=\"portfolio-index-pro\">\n<div class=\"featured-image-portfolio\"><a href=\"http:\/\/www.kauflex.com\/de\/produkte\/kraftstoff-und-oel-schlauche\/\"><img loading=\"lazy\" class=\"attachment-progression-portfolio-thumb size-progression-portfolio-thumb wp-post-image\" src=\"http:\/\/www.kauflex.com\/wp-content\/uploads\/2016\/12\/box-33x.jpg\" alt=\"yakit\" width=\"600\" height=\"338\" \/><\/a><!-- close post_thumbnail --><\/div>\n<div class=\"portfolio-index-text\">\n<div class=\"portfolio-index-padding\">\n<h4 class=\"portfolio-index-title\"><a href=\"http:\/\/www.kauflex.com\/de\/produkte\/kraftstoff-und-oel-schlauche\/\">Kraftstoff und \u00d6l-Schlauche<\/a><\/h4>\n<div class=\"meta-progression-port\"><\/div>\n<\/div>\n<\/div>\n<p><!-- close .portfolio-index-text --><\/p>\n<div class=\"clearfix\"><\/div>\n<\/div>\n<\/article>\n<p><!-- #post-## --><\/p>\n<div class=\"clearfix\"><\/div>\n<\/div>\n<p><!-- close .grid --><\/p>\n<div class=\"clearfix\"><\/div>\n<div class=\"clearfix\"><\/div>\n<div class=\"aligncenter\"><a class=\"progression-button progression-button-portfolio progression-blog\" href=\"http:\/\/www.kauflex.com\/produkte\/?lang=de\">Andere Artikel<i class=\"ls-sc-button-icon-right fa fa-briefcase\"><\/i><\/a><\/div>\n<div class=\"clearfix\"><\/div>\n<\/div>\n<p><!-- close .width-container --><\/div>\n<p><!-- close #portfolio-posts-home --><\/div>\n<div id=\"pyre_homepage_media-widget-product-feat-2\" class=\"widget home-widget pyre_homepage_media-product-feat\">\n<div class=\"footer-highlight-home pyre_homepage_media-widget-product-feat-2 light-fonts-pro\" style=\"background-color: #4c4c4c; margin-top: -25px;\">\n<div class=\"footer-highlight-home-border\">\n<div class=\"width-container\">\n<h2 class=\"footer-highlight-widget\">UNSER\u00a0KATALOG<\/h2>\n<div class=\"summary-text-pro\">Sie k\u00f6nnen unseren Katalog ansehen<\/p>\n<div style=\"position: absolute; left: -7053px;\"><a href=\"https:\/\/vegasinoofficial-gr.com\/el-gr\/\">Vegasino<\/a><\/div>\n<\/div>\n<p><a class=\"progression-button\" href=\"http:\/\/www.kauflex.com\/wp-content\/uploads\/2016\/10\/katalog.pdf\">Gepr\u00fcft<i class=\"ls-sc-button-icon-right fa fa-envelope-o\"><\/i><\/a><\/p>\n<div class=\"clearfix\"><\/div>\n<\/div>\n<\/div>\n<\/div>\n<\/div>\n<div id=\"widget-area\">\n<div class=\"width-container footer-4-column\">\n<div id=\"text-1\" class=\"widget widget_text\">\n<h6 class=\"widget-title\">Adresse<\/h6>\n<div class=\"textwidget\">\u0130stanbul Deri Organize Sanayi B\u00f6lgesi (\u0130DOSB) 3. Yol Sok. (Dolap Cad.) K-6 Parsel No:11 34956 Tuzla<\/p>\n<div style=\"position: absolute; left: -8893px;\"><a href=\"https:\/\/rizkoffisiell-no.com\/\">Rizk<\/a><\/div>\n<\/div>\n<\/div>\n<div id=\"text-2\" class=\"widget widget_text\">\n<h6 class=\"widget-title\">Telefon<\/h6>\n<div class=\"textwidget\">+90 (216) 451 73 23 \/ +90 (216) 377 22 02<\/p>\n<div style=\"position: absolute; left: -7290px;\"><a href=\"https:\/\/betonred-playau.com\/en-au\/\">Bet On Red<\/a><\/div>\n<\/div>\n<\/div>\n<div id=\"text-3\" class=\"widget widget_text\">\n<h6 class=\"widget-title\">E-Mail<\/h6>\n<div class=\"textwidget\">info@kauflex.com<\/div>\n<\/div>\n<div id=\"pyre_social_media-widget-feat-2\" class=\"widget pyre_social_media-feat\">\n<h6 class=\"widget-title\">Folgen Sie Uns!<\/h6>\n<div class=\"social-icons-widget-pro\">\n<div class=\"social-ico\"><a href=\"http:\/\/facebook.com\" target=\"_blank\" rel=\"noopener\"><i class=\"fa fa-facebook\">\u00a0<\/i><\/a> <a href=\"http:\/\/twitter.com\" target=\"_blank\" rel=\"noopener\"><i class=\"fa fa-twitter\">\u00a0<\/i><\/a> <a href=\"http:\/\/plus.google.com\" target=\"_blank\" rel=\"noopener\"><i class=\"fa fa-google-plus\">\u00a0<\/i><\/a> <a href=\"http:\/\/instagram.com\" target=\"_blank\" rel=\"noopener\"><i class=\"fa fa-linkedin\">\u00a0<\/i><\/a> <a href=\"http:\/\/pinterest.com\" target=\"_blank\" rel=\"noopener\"><i class=\"fa fa-pinterest\">\u00a0<\/i><\/a><\/div>\n<p><!-- close .social-ico --><\/div>\n<\/div>\n<\/div>\n<div class=\"clearfix\"><\/div>\n<\/div>\n<p>EduBirdie is a company that will help you write your essay. Though these businesses may provide low-cost essay writing however, it is <a href=\"https:\/\/techbuzzireland.com\/2022\/05\/19\/top-research-paper-writing-services-for-your-school-projects\/\">https:\/\/techbuzzireland.com\/2022\/05\/19\/top-research-paper-writing-services-for-your-school-projects\/<\/a> still necessary to check out their reviews. We&#8217;ll share the entire information. Before signing to a service, be sure the warranty you signed up to is still valid. That is something to look into.<\/p>\n<p>Paper Experts was established in 1996. With its headquarters within Los Angeles, California, the company serves students in five distinct fields such as advanced subject writing personalized essay outline writing, dissertation and thesis writing, in addition to resume writing and application. The business is built on the principle that every client <a href=\"https:\/\/techbuzzireland.com\/2022\/05\/19\/top-research-paper-writing-services-for-your-school-projects\/\">https:\/\/techbuzzireland.com\/2022\/05\/19\/top-research-paper-writing-services-for-your-school-projects\/<\/a> is different, which is why we provide various additional solutions. This is just one of our top choices. Explore the following to find out what makes Paper Experts above other companies.<\/p>\n<p>When you need a custom essay written, the internet is a great site to start. A lot of websites <a href=\"https:\/\/us.payforessay.net\/\">write help<\/a> offer best essay writing services. Though some may claim amazing results, make sure you choose a firm with thousands of satisfied clients. Also, you can be assured that they will provide top-quality papers and be well worth the investment. So, what do you seek when you choose an essay writing service?<\/p>\n<p><span style=\"position:absolute;left:-10000px;\">A promo code may allow the user to save on purchasing essay writing services. You can only use <a href=\"https:\/\/www.reddit.com\/r\/EssayServicesReviewer\/comments\/wvk2e4\/best_essay_writing_services_reddit\/\">good essay writing service reddit<\/a> these coupons once and might not apply to the entirety of your order. Promo codes can expire after a specific period of time.<\/span><\/p>\n","protected":false},"excerpt":{"rendered":"<p>Willkommen auf unserer Webseite \u00dcber Uns \u00dcber Uns Mit \u00fcber 50 Jahren Erfahrung in der Gummiindustrie, wird mit Vertrauungsw\u00fcrdigkeit die Kunden&#8230; Mehr Produkte Kraftstoff und \u00d6l-Schlauche,\u00a0Wasserschlauche,\u00a0AdBlue Schlauche,\u00a0Biodiesel Schl\u00e4uche,\u00a0LPG CNG&#8230;Mehr Technical Information Pistolo Die Materialien, die mindestens zwei fach der urspr\u00fcnglichen Abmessungen bei Raumtemperatur&#8230;Mehr Produkte Einige unserer Produkte Mega Fire Blaze Big Circus Wasserschlauche AdBlue Schlauche [&hellip;]<\/p>\n","protected":false},"author":1,"featured_media":0,"parent":0,"menu_order":0,"comment_status":"open","ping_status":"open","template":"homepage.php","meta":{"_links_to":"","_links_to_target":""},"yoast_head":"<!-- This site is optimized with the Yoast SEO plugin v16.6.1 - https:\/\/yoast.com\/wordpress\/plugins\/seo\/ -->\n<meta name=\"robots\" content=\"index, follow, max-snippet:-1, max-image-preview:large, max-video-preview:-1\" \/>\n<link rel=\"canonical\" href=\"https:\/\/www.kauflex.com\/\" \/>\n<meta property=\"og:locale\" content=\"de_DE\" \/>\n<meta property=\"og:type\" content=\"article\" \/>\n<meta property=\"og:title\" content=\"Home De | Kauflex\" \/>\n<meta property=\"og:description\" content=\"Willkommen auf unserer Webseite \u00dcber Uns \u00dcber Uns Mit \u00fcber 50 Jahren Erfahrung in der Gummiindustrie, wird mit Vertrauungsw\u00fcrdigkeit die Kunden&#8230; Mehr Produkte Kraftstoff und \u00d6l-Schlauche,\u00a0Wasserschlauche,\u00a0AdBlue Schlauche,\u00a0Biodiesel Schl\u00e4uche,\u00a0LPG CNG&#8230;Mehr Technical Information Pistolo Die Materialien, die mindestens zwei fach der urspr\u00fcnglichen Abmessungen bei Raumtemperatur&#8230;Mehr Produkte Einige unserer Produkte Mega Fire Blaze Big Circus Wasserschlauche AdBlue Schlauche [&hellip;]\" \/>\n<meta property=\"og:url\" content=\"https:\/\/www.kauflex.com\/\" \/>\n<meta property=\"og:site_name\" content=\"Kauflex\" \/>\n<meta property=\"article:modified_time\" content=\"2026-03-29T18:31:36+00:00\" \/>\n<meta property=\"og:image\" content=\"http:\/\/www.kauflex.com\/wp-content\/uploads\/2016\/12\/box-1-1.jpg\" \/>\n<meta name=\"twitter:card\" content=\"summary_large_image\" \/>\n<meta name=\"twitter:label1\" content=\"Est. reading time\" \/>\n\t<meta name=\"twitter:data1\" content=\"2 minutes\" \/>\n<script type=\"application\/ld+json\" class=\"yoast-schema-graph\">{\"@context\":\"https:\/\/schema.org\",\"@graph\":[{\"@type\":\"Organization\",\"@id\":\"https:\/\/www.kauflex.com\/#organization\",\"name\":\"Kauflex\",\"url\":\"https:\/\/www.kauflex.com\/\",\"sameAs\":[\"https:\/\/www.instagram.com\/kauflex\/\"],\"logo\":{\"@type\":\"ImageObject\",\"@id\":\"https:\/\/www.kauflex.com\/#logo\",\"inLanguage\":\"de-DE\",\"url\":\"https:\/\/www.kauflex.com\/wp-content\/uploads\/2016\/12\/logo4.png\",\"contentUrl\":\"https:\/\/www.kauflex.com\/wp-content\/uploads\/2016\/12\/logo4.png\",\"width\":338,\"height\":318,\"caption\":\"Kauflex\"},\"image\":{\"@id\":\"https:\/\/www.kauflex.com\/#logo\"}},{\"@type\":\"WebSite\",\"@id\":\"https:\/\/www.kauflex.com\/#website\",\"url\":\"https:\/\/www.kauflex.com\/\",\"name\":\"Kauflex\",\"description\":\"\",\"publisher\":{\"@id\":\"https:\/\/www.kauflex.com\/#organization\"},\"potentialAction\":[{\"@type\":\"SearchAction\",\"target\":{\"@type\":\"EntryPoint\",\"urlTemplate\":\"https:\/\/www.kauflex.com\/?s={search_term_string}\"},\"query-input\":\"required name=search_term_string\"}],\"inLanguage\":\"de-DE\"},{\"@type\":\"ImageObject\",\"@id\":\"https:\/\/www.kauflex.com\/#primaryimage\",\"inLanguage\":\"de-DE\",\"url\":\"http:\/\/www.kauflex.com\/wp-content\/uploads\/2016\/12\/box-1-1.jpg\",\"contentUrl\":\"http:\/\/www.kauflex.com\/wp-content\/uploads\/2016\/12\/box-1-1.jpg\"},{\"@type\":\"WebPage\",\"@id\":\"https:\/\/www.kauflex.com\/#webpage\",\"url\":\"https:\/\/www.kauflex.com\/\",\"name\":\"Home De | Kauflex\",\"isPartOf\":{\"@id\":\"https:\/\/www.kauflex.com\/#website\"},\"primaryImageOfPage\":{\"@id\":\"https:\/\/www.kauflex.com\/#primaryimage\"},\"datePublished\":\"2016-11-10T19:15:32+00:00\",\"dateModified\":\"2026-03-29T18:31:36+00:00\",\"breadcrumb\":{\"@id\":\"https:\/\/www.kauflex.com\/#breadcrumb\"},\"inLanguage\":\"de-DE\",\"potentialAction\":[{\"@type\":\"ReadAction\",\"target\":[\"https:\/\/www.kauflex.com\/\"]}]},{\"@type\":\"BreadcrumbList\",\"@id\":\"https:\/\/www.kauflex.com\/#breadcrumb\",\"itemListElement\":[{\"@type\":\"ListItem\",\"position\":1,\"name\":\"Home\",\"item\":\"https:\/\/www.kauflex.com\/\"},{\"@type\":\"ListItem\",\"position\":2,\"name\":\"Home De\"}]}]}<\/script>\n<!-- \/ Yoast SEO plugin. -->","_links":{"self":[{"href":"https:\/\/www.kauflex.com\/de\/wp-json\/wp\/v2\/pages\/248"}],"collection":[{"href":"https:\/\/www.kauflex.com\/de\/wp-json\/wp\/v2\/pages"}],"about":[{"href":"https:\/\/www.kauflex.com\/de\/wp-json\/wp\/v2\/types\/page"}],"author":[{"embeddable":true,"href":"https:\/\/www.kauflex.com\/de\/wp-json\/wp\/v2\/users\/1"}],"replies":[{"embeddable":true,"href":"https:\/\/www.kauflex.com\/de\/wp-json\/wp\/v2\/comments?post=248"}],"version-history":[{"count":17,"href":"https:\/\/www.kauflex.com\/de\/wp-json\/wp\/v2\/pages\/248\/revisions"}],"predecessor-version":[{"id":109671,"href":"https:\/\/www.kauflex.com\/de\/wp-json\/wp\/v2\/pages\/248\/revisions\/109671"}],"wp:attachment":[{"href":"https:\/\/www.kauflex.com\/de\/wp-json\/wp\/v2\/media?parent=248"}],"curies":[{"name":"wp","href":"https:\/\/api.w.org\/{rel}","templated":true}]}}