{"id":345,"date":"2016-11-24T19:53:33","date_gmt":"2016-11-24T17:53:33","guid":{"rendered":"http:\/\/www.kauflex.com\/?page_id=345&#038;lang=de"},"modified":"2016-12-25T19:33:52","modified_gmt":"2016-12-25T17:33:52","slug":"kontakt","status":"publish","type":"page","link":"https:\/\/www.kauflex.com\/de\/kontakt\/","title":{"rendered":"Kontakt"},"content":{"rendered":"<div class=\"home-portfolio-boxes grid3column-progression\">\n<h2>Adresse<\/h2>\n<p>KAUFLEX KAU\u00c7UK PLAST\u0130K SAN. T\u0130C. LTD. \u015eT\u0130.<br \/>\n\u0130stanbul Deri Organize Sanayi B\u00f6lgesi (\u0130DOSB)<\/p>\n<p>3. Yol (Dolap Cad.) K-6 Parsel No:11<\/p>\n<p>34956 Tuzla \/ \u0130stanbul T\u00dcRK\u0130YE<\/p>\n<p>T 216-4517323<\/p>\n<p>F 216-3772202<\/p>\n<p>E-Mail:\u00a0<a class=\"gmail_msg\" href=\"mailto:kauflex@kauflex.com\" target=\"_blank\">kauflex@kauflex.com<\/a><\/p>\n<\/div>\n<div class=\"home-portfolio-boxes grid3column-progression\">\n<h2>Kontaktformular<\/h2>\n<div role=\"form\" class=\"wpcf7\" id=\"wpcf7-f347-o1\" lang=\"tr\" dir=\"ltr\">\n<div class=\"screen-reader-response\"><p role=\"status\" aria-live=\"polite\" aria-atomic=\"true\"><\/p> <ul><\/ul><\/div>\n<form action=\"\/de\/wp-json\/wp\/v2\/pages\/345#wpcf7-f347-o1\" method=\"post\" class=\"wpcf7-form init\" novalidate=\"novalidate\" data-status=\"init\">\n<div style=\"display: none;\">\n<input type=\"hidden\" name=\"_wpcf7\" value=\"347\" \/>\n<input type=\"hidden\" name=\"_wpcf7_version\" value=\"5.4.1\" \/>\n<input type=\"hidden\" name=\"_wpcf7_locale\" value=\"tr\" \/>\n<input type=\"hidden\" name=\"_wpcf7_unit_tag\" value=\"wpcf7-f347-o1\" \/>\n<input type=\"hidden\" name=\"_wpcf7_container_post\" value=\"0\" \/>\n<input type=\"hidden\" name=\"_wpcf7_posted_data_hash\" value=\"\" \/>\n<\/div>\n<p><span class=\"wpcf7-form-control-wrap your-name\"><input type=\"text\" name=\"your-name\" value=\"\" size=\"40\" class=\"wpcf7-form-control wpcf7-text wpcf7-validates-as-required\" aria-required=\"true\" aria-invalid=\"false\" placeholder=\"Your Name\" \/><\/span> <\/p>\n<p><span class=\"wpcf7-form-control-wrap Institution\"><input type=\"text\" name=\"Institution\" value=\"Institution\" size=\"40\" class=\"wpcf7-form-control wpcf7-text\" aria-invalid=\"false\" \/><\/span> <\/p>\n<p><span class=\"wpcf7-form-control-wrap your-email\"><input type=\"email\" name=\"your-email\" value=\"\" size=\"40\" class=\"wpcf7-form-control wpcf7-text wpcf7-email wpcf7-validates-as-required wpcf7-validates-as-email\" aria-required=\"true\" aria-invalid=\"false\" placeholder=\"Your Email\" \/><\/span> <\/p>\n<p><span class=\"wpcf7-form-control-wrap your-message\"><textarea name=\"your-message\" cols=\"40\" rows=\"10\" class=\"wpcf7-form-control wpcf7-textarea\" aria-invalid=\"false\" placeholder=\"Your Message...\"><\/textarea><\/span> <\/p>\n<p><input type=\"submit\" value=\"Send\" class=\"wpcf7-form-control wpcf7-submit\" \/><\/p>\n<div class=\"wpcf7-response-output\" aria-hidden=\"true\"><\/div><\/form><\/div>\n<\/div>\n<div class=\"home-portfolio-boxes grid3column-progression lastcolumn-progression\"><iframe loading=\"lazy\" style=\"border: 0;\" src=\"https:\/\/www.google.com\/maps\/embed?pb=!1m18!1m12!1m3!1d12067.223787745905!2d29.368412287240737!3d40.876132619028304!2m3!1f0!2f0!3f0!3m2!1i1024!2i768!4f13.1!3m3!1m2!1s0x14cad8fc9fbb6867%3A0xd5eeefbdd6cbc7c2!2s34956+Deri+OSB%2FTuzla%2F%C4%B0stanbul!5e0!3m2!1str!2str!4v1461314745430\" width=\"300\" height=\"450\" frameborder=\"0\" allowfullscreen=\"allowfullscreen\"><\/iframe><\/div>\n","protected":false},"excerpt":{"rendered":"<p>Adresse KAUFLEX KAU\u00c7UK PLAST\u0130K SAN. T\u0130C. LTD. \u015eT\u0130. \u0130stanbul Deri Organize Sanayi B\u00f6lgesi (\u0130DOSB) 3. Yol (Dolap Cad.) K-6 Parsel No:11 34956 Tuzla \/ \u0130stanbul T\u00dcRK\u0130YE T 216-4517323 F 216-3772202 E-Mail:\u00a0kauflex@kauflex.com Kontaktformular<\/p>\n","protected":false},"author":1,"featured_media":0,"parent":0,"menu_order":0,"comment_status":"open","ping_status":"open","template":"page-full-width.php","meta":{"_links_to":"","_links_to_target":""},"yoast_head":"<!-- This site is optimized with the Yoast SEO plugin v16.6.1 - https:\/\/yoast.com\/wordpress\/plugins\/seo\/ -->\n<meta name=\"robots\" content=\"index, follow, max-snippet:-1, max-image-preview:large, max-video-preview:-1\" \/>\n<link rel=\"canonical\" href=\"https:\/\/www.kauflex.com\/de\/kontakt\/\" \/>\n<meta property=\"og:locale\" content=\"de_DE\" \/>\n<meta property=\"og:type\" content=\"article\" \/>\n<meta property=\"og:title\" content=\"Kontakt | Kauflex\" \/>\n<meta property=\"og:description\" content=\"Adresse KAUFLEX KAU\u00c7UK PLAST\u0130K SAN. T\u0130C. LTD. \u015eT\u0130. \u0130stanbul Deri Organize Sanayi B\u00f6lgesi (\u0130DOSB) 3. Yol (Dolap Cad.) K-6 Parsel No:11 34956 Tuzla \/ \u0130stanbul T\u00dcRK\u0130YE T 216-4517323 F 216-3772202 E-Mail:\u00a0kauflex@kauflex.com Kontaktformular\" \/>\n<meta property=\"og:url\" content=\"https:\/\/www.kauflex.com\/de\/kontakt\/\" \/>\n<meta property=\"og:site_name\" content=\"Kauflex\" \/>\n<meta property=\"article:modified_time\" content=\"2016-12-25T17:33:52+00:00\" \/>\n<meta name=\"twitter:card\" content=\"summary_large_image\" \/>\n<script type=\"application\/ld+json\" class=\"yoast-schema-graph\">{\"@context\":\"https:\/\/schema.org\",\"@graph\":[{\"@type\":\"Organization\",\"@id\":\"https:\/\/www.kauflex.com\/#organization\",\"name\":\"Kauflex\",\"url\":\"https:\/\/www.kauflex.com\/\",\"sameAs\":[\"https:\/\/www.instagram.com\/kauflex\/\"],\"logo\":{\"@type\":\"ImageObject\",\"@id\":\"https:\/\/www.kauflex.com\/#logo\",\"inLanguage\":\"de-DE\",\"url\":\"https:\/\/www.kauflex.com\/wp-content\/uploads\/2016\/12\/logo4.png\",\"contentUrl\":\"https:\/\/www.kauflex.com\/wp-content\/uploads\/2016\/12\/logo4.png\",\"width\":338,\"height\":318,\"caption\":\"Kauflex\"},\"image\":{\"@id\":\"https:\/\/www.kauflex.com\/#logo\"}},{\"@type\":\"WebSite\",\"@id\":\"https:\/\/www.kauflex.com\/#website\",\"url\":\"https:\/\/www.kauflex.com\/\",\"name\":\"Kauflex\",\"description\":\"\",\"publisher\":{\"@id\":\"https:\/\/www.kauflex.com\/#organization\"},\"potentialAction\":[{\"@type\":\"SearchAction\",\"target\":{\"@type\":\"EntryPoint\",\"urlTemplate\":\"https:\/\/www.kauflex.com\/?s={search_term_string}\"},\"query-input\":\"required name=search_term_string\"}],\"inLanguage\":\"de-DE\"},{\"@type\":\"WebPage\",\"@id\":\"https:\/\/www.kauflex.com\/de\/kontakt\/#webpage\",\"url\":\"https:\/\/www.kauflex.com\/de\/kontakt\/\",\"name\":\"Kontakt | Kauflex\",\"isPartOf\":{\"@id\":\"https:\/\/www.kauflex.com\/#website\"},\"datePublished\":\"2016-11-24T17:53:33+00:00\",\"dateModified\":\"2016-12-25T17:33:52+00:00\",\"breadcrumb\":{\"@id\":\"https:\/\/www.kauflex.com\/de\/kontakt\/#breadcrumb\"},\"inLanguage\":\"de-DE\",\"potentialAction\":[{\"@type\":\"ReadAction\",\"target\":[\"https:\/\/www.kauflex.com\/de\/kontakt\/\"]}]},{\"@type\":\"BreadcrumbList\",\"@id\":\"https:\/\/www.kauflex.com\/de\/kontakt\/#breadcrumb\",\"itemListElement\":[{\"@type\":\"ListItem\",\"position\":1,\"name\":\"Home\",\"item\":\"https:\/\/www.kauflex.com\/\"},{\"@type\":\"ListItem\",\"position\":2,\"name\":\"Kontakt\"}]}]}<\/script>\n<!-- \/ Yoast SEO plugin. -->","_links":{"self":[{"href":"https:\/\/www.kauflex.com\/de\/wp-json\/wp\/v2\/pages\/345"}],"collection":[{"href":"https:\/\/www.kauflex.com\/de\/wp-json\/wp\/v2\/pages"}],"about":[{"href":"https:\/\/www.kauflex.com\/de\/wp-json\/wp\/v2\/types\/page"}],"author":[{"embeddable":true,"href":"https:\/\/www.kauflex.com\/de\/wp-json\/wp\/v2\/users\/1"}],"replies":[{"embeddable":true,"href":"https:\/\/www.kauflex.com\/de\/wp-json\/wp\/v2\/comments?post=345"}],"version-history":[{"count":6,"href":"https:\/\/www.kauflex.com\/de\/wp-json\/wp\/v2\/pages\/345\/revisions"}],"predecessor-version":[{"id":620,"href":"https:\/\/www.kauflex.com\/de\/wp-json\/wp\/v2\/pages\/345\/revisions\/620"}],"wp:attachment":[{"href":"https:\/\/www.kauflex.com\/de\/wp-json\/wp\/v2\/media?parent=345"}],"curies":[{"name":"wp","href":"https:\/\/api.w.org\/{rel}","templated":true}]}}