{"id":351,"date":"2016-11-24T19:57:00","date_gmt":"2016-11-24T17:57:00","guid":{"rendered":"http:\/\/www.kauflex.com\/?page_id=351&#038;lang=de"},"modified":"2016-11-24T19:57:00","modified_gmt":"2016-11-24T17:57:00","slug":"unsere-aufgabe","status":"publish","type":"page","link":"https:\/\/www.kauflex.com\/de\/institutionell\/unsere-aufgabe\/","title":{"rendered":"Unsere Aufgabe"},"content":{"rendered":"<p>Die Institutionalisierung unseres Unternehmens zusammen mit unseren Stakeholdern,geschieht durch die Nutzung unserer Informationstechnologien in der Gummiproduktion , technische Teile aus Kunststoff und Produktionssystemen zu entwickeln . Mit richtigen Investitionen an Menschen, Techniken und Umwelt wird die Mitarbeiterzufriedenheit, Kundenzufriedenheit, Umweltbewusstsein und Effizienz erzielt. Ohne unseren Bewusstsein an Umwelt, Gesellschaft und technologien zu beeintr\u00e4chtigen und ebenfalls unsere soziale Verantwortungen zu erf\u00fcllen wird ein nachhaltiges Wachstum und Entwicklung mit unseren Stakeholdern und Kunden erw\u00fcnscht<\/p>\n","protected":false},"excerpt":{"rendered":"<p>Die Institutionalisierung unseres Unternehmens zusammen mit unseren Stakeholdern,geschieht durch die Nutzung unserer Informationstechnologien in der Gummiproduktion , technische Teile aus Kunststoff und Produktionssystemen zu entwickeln . Mit richtigen Investitionen an Menschen, Techniken und Umwelt wird die Mitarbeiterzufriedenheit, Kundenzufriedenheit, Umweltbewusstsein und Effizienz erzielt. Ohne unseren Bewusstsein an Umwelt, Gesellschaft und technologien zu beeintr\u00e4chtigen und ebenfalls unsere [&hellip;]<\/p>\n","protected":false},"author":1,"featured_media":0,"parent":271,"menu_order":0,"comment_status":"closed","ping_status":"closed","template":"page-full-width.php","meta":{"_links_to":"","_links_to_target":""},"yoast_head":"<!-- This site is optimized with the Yoast SEO plugin v16.6.1 - https:\/\/yoast.com\/wordpress\/plugins\/seo\/ -->\n<meta name=\"robots\" content=\"index, follow, max-snippet:-1, max-image-preview:large, max-video-preview:-1\" \/>\n<link rel=\"canonical\" href=\"https:\/\/www.kauflex.com\/de\/institutionell\/unsere-aufgabe\/\" \/>\n<meta property=\"og:locale\" content=\"de_DE\" \/>\n<meta property=\"og:type\" content=\"article\" \/>\n<meta property=\"og:title\" content=\"Unsere Aufgabe | Kauflex\" \/>\n<meta property=\"og:description\" content=\"Die Institutionalisierung unseres Unternehmens zusammen mit unseren Stakeholdern,geschieht durch die Nutzung unserer Informationstechnologien in der Gummiproduktion , technische Teile aus Kunststoff und Produktionssystemen zu entwickeln . Mit richtigen Investitionen an Menschen, Techniken und Umwelt wird die Mitarbeiterzufriedenheit, Kundenzufriedenheit, Umweltbewusstsein und Effizienz erzielt. Ohne unseren Bewusstsein an Umwelt, Gesellschaft und technologien zu beeintr\u00e4chtigen und ebenfalls unsere [&hellip;]\" \/>\n<meta property=\"og:url\" content=\"https:\/\/www.kauflex.com\/de\/institutionell\/unsere-aufgabe\/\" \/>\n<meta property=\"og:site_name\" content=\"Kauflex\" \/>\n<meta name=\"twitter:card\" content=\"summary_large_image\" \/>\n<script type=\"application\/ld+json\" class=\"yoast-schema-graph\">{\"@context\":\"https:\/\/schema.org\",\"@graph\":[{\"@type\":\"Organization\",\"@id\":\"https:\/\/www.kauflex.com\/#organization\",\"name\":\"Kauflex\",\"url\":\"https:\/\/www.kauflex.com\/\",\"sameAs\":[\"https:\/\/www.instagram.com\/kauflex\/\"],\"logo\":{\"@type\":\"ImageObject\",\"@id\":\"https:\/\/www.kauflex.com\/#logo\",\"inLanguage\":\"de-DE\",\"url\":\"https:\/\/www.kauflex.com\/wp-content\/uploads\/2016\/12\/logo4.png\",\"contentUrl\":\"https:\/\/www.kauflex.com\/wp-content\/uploads\/2016\/12\/logo4.png\",\"width\":338,\"height\":318,\"caption\":\"Kauflex\"},\"image\":{\"@id\":\"https:\/\/www.kauflex.com\/#logo\"}},{\"@type\":\"WebSite\",\"@id\":\"https:\/\/www.kauflex.com\/#website\",\"url\":\"https:\/\/www.kauflex.com\/\",\"name\":\"Kauflex\",\"description\":\"\",\"publisher\":{\"@id\":\"https:\/\/www.kauflex.com\/#organization\"},\"potentialAction\":[{\"@type\":\"SearchAction\",\"target\":{\"@type\":\"EntryPoint\",\"urlTemplate\":\"https:\/\/www.kauflex.com\/?s={search_term_string}\"},\"query-input\":\"required name=search_term_string\"}],\"inLanguage\":\"de-DE\"},{\"@type\":\"WebPage\",\"@id\":\"https:\/\/www.kauflex.com\/de\/institutionell\/unsere-aufgabe\/#webpage\",\"url\":\"https:\/\/www.kauflex.com\/de\/institutionell\/unsere-aufgabe\/\",\"name\":\"Unsere Aufgabe | Kauflex\",\"isPartOf\":{\"@id\":\"https:\/\/www.kauflex.com\/#website\"},\"datePublished\":\"2016-11-24T17:57:00+00:00\",\"dateModified\":\"2016-11-24T17:57:00+00:00\",\"breadcrumb\":{\"@id\":\"https:\/\/www.kauflex.com\/de\/institutionell\/unsere-aufgabe\/#breadcrumb\"},\"inLanguage\":\"de-DE\",\"potentialAction\":[{\"@type\":\"ReadAction\",\"target\":[\"https:\/\/www.kauflex.com\/de\/institutionell\/unsere-aufgabe\/\"]}]},{\"@type\":\"BreadcrumbList\",\"@id\":\"https:\/\/www.kauflex.com\/de\/institutionell\/unsere-aufgabe\/#breadcrumb\",\"itemListElement\":[{\"@type\":\"ListItem\",\"position\":1,\"name\":\"Home\",\"item\":\"https:\/\/www.kauflex.com\/\"},{\"@type\":\"ListItem\",\"position\":2,\"name\":\"Institutionell\",\"item\":\"https:\/\/www.kauflex.com\/de\/institutionell\/\"},{\"@type\":\"ListItem\",\"position\":3,\"name\":\"Unsere Aufgabe\"}]}]}<\/script>\n<!-- \/ Yoast SEO plugin. -->","_links":{"self":[{"href":"https:\/\/www.kauflex.com\/de\/wp-json\/wp\/v2\/pages\/351"}],"collection":[{"href":"https:\/\/www.kauflex.com\/de\/wp-json\/wp\/v2\/pages"}],"about":[{"href":"https:\/\/www.kauflex.com\/de\/wp-json\/wp\/v2\/types\/page"}],"author":[{"embeddable":true,"href":"https:\/\/www.kauflex.com\/de\/wp-json\/wp\/v2\/users\/1"}],"replies":[{"embeddable":true,"href":"https:\/\/www.kauflex.com\/de\/wp-json\/wp\/v2\/comments?post=351"}],"version-history":[{"count":1,"href":"https:\/\/www.kauflex.com\/de\/wp-json\/wp\/v2\/pages\/351\/revisions"}],"predecessor-version":[{"id":352,"href":"https:\/\/www.kauflex.com\/de\/wp-json\/wp\/v2\/pages\/351\/revisions\/352"}],"up":[{"embeddable":true,"href":"https:\/\/www.kauflex.com\/de\/wp-json\/wp\/v2\/pages\/271"}],"wp:attachment":[{"href":"https:\/\/www.kauflex.com\/de\/wp-json\/wp\/v2\/media?parent=351"}],"curies":[{"name":"wp","href":"https:\/\/api.w.org\/{rel}","templated":true}]}}