{"id":353,"date":"2016-11-24T19:57:22","date_gmt":"2016-11-24T17:57:22","guid":{"rendered":"http:\/\/www.kauflex.com\/?page_id=353&#038;lang=de"},"modified":"2016-11-24T19:57:22","modified_gmt":"2016-11-24T17:57:22","slug":"unsere-vision","status":"publish","type":"page","link":"https:\/\/www.kauflex.com\/de\/institutionell\/unsere-vision\/","title":{"rendered":"Unsere Vision"},"content":{"rendered":"<p>Wir m\u00f6chten ein bevorzugter Hersteller in der technischen Gummi und Kunststoffteile Produktion, eine hohe Qualit\u00e4t, Preis und Kundenzufriedenheit gew\u00e4hrleisten. Sowohl in inl\u00e4ndischen als auch internationalen M\u00e4rkten in erster Linie zu den wichtigsten Gummi und Kunststoffherstellern zu geh\u00f6ren.<\/p>\n","protected":false},"excerpt":{"rendered":"<p>Wir m\u00f6chten ein bevorzugter Hersteller in der technischen Gummi und Kunststoffteile Produktion, eine hohe Qualit\u00e4t, Preis und Kundenzufriedenheit gew\u00e4hrleisten. Sowohl in inl\u00e4ndischen als auch internationalen M\u00e4rkten in erster Linie zu den wichtigsten Gummi und Kunststoffherstellern zu geh\u00f6ren.<\/p>\n","protected":false},"author":1,"featured_media":0,"parent":271,"menu_order":0,"comment_status":"closed","ping_status":"closed","template":"page-full-width.php","meta":{"_links_to":"","_links_to_target":""},"yoast_head":"<!-- This site is optimized with the Yoast SEO plugin v16.6.1 - https:\/\/yoast.com\/wordpress\/plugins\/seo\/ -->\n<meta name=\"robots\" content=\"index, follow, max-snippet:-1, max-image-preview:large, max-video-preview:-1\" \/>\n<link rel=\"canonical\" href=\"https:\/\/www.kauflex.com\/de\/institutionell\/unsere-vision\/\" \/>\n<meta property=\"og:locale\" content=\"de_DE\" \/>\n<meta property=\"og:type\" content=\"article\" \/>\n<meta property=\"og:title\" content=\"Unsere Vision | Kauflex\" \/>\n<meta property=\"og:description\" content=\"Wir m\u00f6chten ein bevorzugter Hersteller in der technischen Gummi und Kunststoffteile Produktion, eine hohe Qualit\u00e4t, Preis und Kundenzufriedenheit gew\u00e4hrleisten. Sowohl in inl\u00e4ndischen als auch internationalen M\u00e4rkten in erster Linie zu den wichtigsten Gummi und Kunststoffherstellern zu geh\u00f6ren.\" \/>\n<meta property=\"og:url\" content=\"https:\/\/www.kauflex.com\/de\/institutionell\/unsere-vision\/\" \/>\n<meta property=\"og:site_name\" content=\"Kauflex\" \/>\n<meta name=\"twitter:card\" content=\"summary_large_image\" \/>\n<script type=\"application\/ld+json\" class=\"yoast-schema-graph\">{\"@context\":\"https:\/\/schema.org\",\"@graph\":[{\"@type\":\"Organization\",\"@id\":\"https:\/\/www.kauflex.com\/#organization\",\"name\":\"Kauflex\",\"url\":\"https:\/\/www.kauflex.com\/\",\"sameAs\":[\"https:\/\/www.instagram.com\/kauflex\/\"],\"logo\":{\"@type\":\"ImageObject\",\"@id\":\"https:\/\/www.kauflex.com\/#logo\",\"inLanguage\":\"de-DE\",\"url\":\"https:\/\/www.kauflex.com\/wp-content\/uploads\/2016\/12\/logo4.png\",\"contentUrl\":\"https:\/\/www.kauflex.com\/wp-content\/uploads\/2016\/12\/logo4.png\",\"width\":338,\"height\":318,\"caption\":\"Kauflex\"},\"image\":{\"@id\":\"https:\/\/www.kauflex.com\/#logo\"}},{\"@type\":\"WebSite\",\"@id\":\"https:\/\/www.kauflex.com\/#website\",\"url\":\"https:\/\/www.kauflex.com\/\",\"name\":\"Kauflex\",\"description\":\"\",\"publisher\":{\"@id\":\"https:\/\/www.kauflex.com\/#organization\"},\"potentialAction\":[{\"@type\":\"SearchAction\",\"target\":{\"@type\":\"EntryPoint\",\"urlTemplate\":\"https:\/\/www.kauflex.com\/?s={search_term_string}\"},\"query-input\":\"required name=search_term_string\"}],\"inLanguage\":\"de-DE\"},{\"@type\":\"WebPage\",\"@id\":\"https:\/\/www.kauflex.com\/de\/institutionell\/unsere-vision\/#webpage\",\"url\":\"https:\/\/www.kauflex.com\/de\/institutionell\/unsere-vision\/\",\"name\":\"Unsere Vision | Kauflex\",\"isPartOf\":{\"@id\":\"https:\/\/www.kauflex.com\/#website\"},\"datePublished\":\"2016-11-24T17:57:22+00:00\",\"dateModified\":\"2016-11-24T17:57:22+00:00\",\"breadcrumb\":{\"@id\":\"https:\/\/www.kauflex.com\/de\/institutionell\/unsere-vision\/#breadcrumb\"},\"inLanguage\":\"de-DE\",\"potentialAction\":[{\"@type\":\"ReadAction\",\"target\":[\"https:\/\/www.kauflex.com\/de\/institutionell\/unsere-vision\/\"]}]},{\"@type\":\"BreadcrumbList\",\"@id\":\"https:\/\/www.kauflex.com\/de\/institutionell\/unsere-vision\/#breadcrumb\",\"itemListElement\":[{\"@type\":\"ListItem\",\"position\":1,\"name\":\"Home\",\"item\":\"https:\/\/www.kauflex.com\/\"},{\"@type\":\"ListItem\",\"position\":2,\"name\":\"Institutionell\",\"item\":\"https:\/\/www.kauflex.com\/de\/institutionell\/\"},{\"@type\":\"ListItem\",\"position\":3,\"name\":\"Unsere Vision\"}]}]}<\/script>\n<!-- \/ Yoast SEO plugin. -->","_links":{"self":[{"href":"https:\/\/www.kauflex.com\/de\/wp-json\/wp\/v2\/pages\/353"}],"collection":[{"href":"https:\/\/www.kauflex.com\/de\/wp-json\/wp\/v2\/pages"}],"about":[{"href":"https:\/\/www.kauflex.com\/de\/wp-json\/wp\/v2\/types\/page"}],"author":[{"embeddable":true,"href":"https:\/\/www.kauflex.com\/de\/wp-json\/wp\/v2\/users\/1"}],"replies":[{"embeddable":true,"href":"https:\/\/www.kauflex.com\/de\/wp-json\/wp\/v2\/comments?post=353"}],"version-history":[{"count":1,"href":"https:\/\/www.kauflex.com\/de\/wp-json\/wp\/v2\/pages\/353\/revisions"}],"predecessor-version":[{"id":354,"href":"https:\/\/www.kauflex.com\/de\/wp-json\/wp\/v2\/pages\/353\/revisions\/354"}],"up":[{"embeddable":true,"href":"https:\/\/www.kauflex.com\/de\/wp-json\/wp\/v2\/pages\/271"}],"wp:attachment":[{"href":"https:\/\/www.kauflex.com\/de\/wp-json\/wp\/v2\/media?parent=353"}],"curies":[{"name":"wp","href":"https:\/\/api.w.org\/{rel}","templated":true}]}}