{"id":355,"date":"2016-11-24T19:59:20","date_gmt":"2016-11-24T17:59:20","guid":{"rendered":"http:\/\/www.kauflex.com\/?page_id=355&#038;lang=de"},"modified":"2017-02-03T21:07:20","modified_gmt":"2017-02-03T19:07:20","slug":"unser-technical-operations","status":"publish","type":"page","link":"https:\/\/www.kauflex.com\/de\/institutionell\/unser-technical-operations\/","title":{"rendered":"Unser Technical Operations"},"content":{"rendered":"<p><strong><b><img loading=\"lazy\" class=\"alignleft wp-image-437 size-medium\" src=\"http:\/\/www.kauflex.com\/wp-content\/uploads\/2016\/10\/Screen-Shot-2016-11-27-at-9.17.17-PM-300x263.png\" alt=\"screen-shot-2016-11-27-at-9-17-17-pm\" width=\"300\" height=\"263\" srcset=\"https:\/\/www.kauflex.com\/wp-content\/uploads\/2016\/10\/Screen-Shot-2016-11-27-at-9.17.17-PM-300x263.png 300w, https:\/\/www.kauflex.com\/wp-content\/uploads\/2016\/10\/Screen-Shot-2016-11-27-at-9.17.17-PM.png 506w\" sizes=\"(max-width: 300px) 100vw, 300px\" \/><\/b>EnIngenieurwesen<\/strong><br \/>\nDie Produktdateien werden auf Kundenanfragen bearbeitet und im Lichte dieser Informationen die Form und die Vorrichtung, Design und Fotos werden in Auto Cad erstellt. Alle Tests, Vorserien-Produktionen und Produktionen werden dokumentiert und die Genehmigungen durch Angabe der Kundenmuster werden Anforderungen entnommen.<\/p>\n<div style=\"clear: both;\"><\/div>\n<hr \/>\n<p><strong><b><img loading=\"lazy\" class=\"alignleft wp-image-444 size-medium\" src=\"http:\/\/www.kauflex.com\/wp-content\/uploads\/2016\/10\/urun2-300x199.png\" alt=\"urun2\" width=\"300\" height=\"199\" srcset=\"https:\/\/www.kauflex.com\/wp-content\/uploads\/2016\/10\/urun2-300x199.png 300w, https:\/\/www.kauflex.com\/wp-content\/uploads\/2016\/10\/urun2.png 480w\" sizes=\"(max-width: 300px) 100vw, 300px\" \/><\/b>MaMaterial F&amp;E<\/strong><br \/>\nKAUFLEX\u00ae, bietet neue Misch Design, die von F&amp;E-Experten mit Erfahrungen im Gummi- und Kunststoffsektor in gut ausger\u00fcsteten Materiallaboren entwickelt werden. Durch das Sammeln dieser Informationen auf ERP-Systemen wird die R\u00fcckverfolgbarkeit erreicht.<\/p>\n<div style=\"clear: both;\"><\/div>\n<hr \/>\n<p><strong><b><img loading=\"lazy\" class=\"alignleft size-medium wp-image-446\" src=\"http:\/\/www.kauflex.com\/wp-content\/uploads\/2016\/10\/urun3-300x200.png\" alt=\"urun3\" width=\"300\" height=\"200\" srcset=\"https:\/\/www.kauflex.com\/wp-content\/uploads\/2016\/10\/urun3-300x200.png 300w, https:\/\/www.kauflex.com\/wp-content\/uploads\/2016\/10\/urun3.png 444w\" sizes=\"(max-width: 300px) 100vw, 300px\" \/><\/b>MiVermischung<\/strong><br \/>\nKAUFLEX\u00ae bereitet die Verbindung von jeder Art des Polymers. Die Mischungen werden nach Kundenwunsch und den Rohstoffen hergestellt. F\u00fcr die Mischung bestimmter Mengen an Rohstoffe werden automatisch gewogen. Dies geschieht ber\u00fchrungslos. F\u00fcr den sp\u00e4teren Gebrauch werden diese Rohstoffe in Beuteln im Lager gehalten. All diese Operationen werden nach der Fertigstellung berichtet.<\/p>\n<div style=\"clear: both;\"><\/div>\n<hr \/>\n<p><strong><b><img loading=\"lazy\" class=\"alignleft size-medium wp-image-447\" src=\"http:\/\/www.kauflex.com\/wp-content\/uploads\/2016\/10\/urun4-300x199.png\" alt=\"urun4\" width=\"300\" height=\"199\" srcset=\"https:\/\/www.kauflex.com\/wp-content\/uploads\/2016\/10\/urun4-300x199.png 300w, https:\/\/www.kauflex.com\/wp-content\/uploads\/2016\/10\/urun4.png 470w\" sizes=\"(max-width: 300px) 100vw, 300px\" \/><\/b>ExDie Extrusion<\/strong><br \/>\nEin, zwei oder drei Gummimischung mit verschiedenen Eigenschaften werden hergestellt. Wenn n\u00f6tig, werden f\u00fcr unterschiedliche Art und Anwendungen im Schlauchextrusionsanlagen hergestellt.<\/p>\n<div style=\"clear: both;\"><\/div>\n<hr \/>\n<p><strong><b><img loading=\"lazy\" class=\"alignleft size-medium wp-image-448\" src=\"http:\/\/www.kauflex.com\/wp-content\/uploads\/2016\/10\/urun5-300x197.png\" alt=\"urun5\" width=\"300\" height=\"197\" srcset=\"https:\/\/www.kauflex.com\/wp-content\/uploads\/2016\/10\/urun5-300x197.png 300w, https:\/\/www.kauflex.com\/wp-content\/uploads\/2016\/10\/urun5.png 420w\" sizes=\"(max-width: 300px) 100vw, 300px\" \/><\/b>VuVulkanisation<\/strong><br \/>\nDie Schl\u00e4uche werden nach Materialart und Formel-Struktur bei vorgegebener Temperatur im Druckbeh\u00e4lter vulkanisiert.<\/p>\n<div style=\"clear: both;\"><\/div>\n<hr \/>\n<p><strong><b><img loading=\"lazy\" class=\"alignleft size-medium wp-image-449\" src=\"http:\/\/www.kauflex.com\/wp-content\/uploads\/2016\/10\/urun6-300x198.png\" alt=\"urun6\" width=\"300\" height=\"198\" srcset=\"https:\/\/www.kauflex.com\/wp-content\/uploads\/2016\/10\/urun6-300x198.png 300w, https:\/\/www.kauflex.com\/wp-content\/uploads\/2016\/10\/urun6.png 470w\" sizes=\"(max-width: 300px) 100vw, 300px\" \/><\/b>BrStricken<\/strong><br \/>\nDie Schl\u00e4uche werden in dem Druckbeh\u00e4lter (Autoklav) vulkanisiert. Die Festigkeit und Abdichtung wird mit Metalldr\u00e4hten oder textilartigen Seilen erh\u00f6ht.<\/p>\n","protected":false},"excerpt":{"rendered":"<p>EnIngenieurwesen Die Produktdateien werden auf Kundenanfragen bearbeitet und im Lichte dieser Informationen die Form und die Vorrichtung, Design und Fotos werden in Auto Cad erstellt. Alle Tests, Vorserien-Produktionen und Produktionen werden dokumentiert und die Genehmigungen durch Angabe der Kundenmuster werden Anforderungen entnommen. MaMaterial F&amp;E KAUFLEX\u00ae, bietet neue Misch Design, die von F&amp;E-Experten mit Erfahrungen im [&hellip;]<\/p>\n","protected":false},"author":1,"featured_media":0,"parent":271,"menu_order":0,"comment_status":"closed","ping_status":"closed","template":"page-full-width.php","meta":{"_links_to":"","_links_to_target":""},"yoast_head":"<!-- This site is optimized with the Yoast SEO plugin v16.6.1 - https:\/\/yoast.com\/wordpress\/plugins\/seo\/ -->\n<meta name=\"robots\" content=\"index, follow, max-snippet:-1, max-image-preview:large, max-video-preview:-1\" \/>\n<link rel=\"canonical\" href=\"https:\/\/www.kauflex.com\/de\/institutionell\/unser-technical-operations\/\" \/>\n<meta property=\"og:locale\" content=\"de_DE\" \/>\n<meta property=\"og:type\" content=\"article\" \/>\n<meta property=\"og:title\" content=\"Unser Technical Operations | Kauflex\" \/>\n<meta property=\"og:description\" content=\"EnIngenieurwesen Die Produktdateien werden auf Kundenanfragen bearbeitet und im Lichte dieser Informationen die Form und die Vorrichtung, Design und Fotos werden in Auto Cad erstellt. Alle Tests, Vorserien-Produktionen und Produktionen werden dokumentiert und die Genehmigungen durch Angabe der Kundenmuster werden Anforderungen entnommen. MaMaterial F&amp;E KAUFLEX\u00ae, bietet neue Misch Design, die von F&amp;E-Experten mit Erfahrungen im [&hellip;]\" \/>\n<meta property=\"og:url\" content=\"https:\/\/www.kauflex.com\/de\/institutionell\/unser-technical-operations\/\" \/>\n<meta property=\"og:site_name\" content=\"Kauflex\" \/>\n<meta property=\"article:modified_time\" content=\"2017-02-03T19:07:20+00:00\" \/>\n<meta property=\"og:image\" content=\"http:\/\/www.kauflex.com\/wp-content\/uploads\/2016\/10\/Screen-Shot-2016-11-27-at-9.17.17-PM-300x263.png\" \/>\n<meta name=\"twitter:card\" content=\"summary_large_image\" \/>\n<meta name=\"twitter:label1\" content=\"Est. reading time\" \/>\n\t<meta name=\"twitter:data1\" content=\"1 minute\" \/>\n<script type=\"application\/ld+json\" class=\"yoast-schema-graph\">{\"@context\":\"https:\/\/schema.org\",\"@graph\":[{\"@type\":\"Organization\",\"@id\":\"https:\/\/www.kauflex.com\/#organization\",\"name\":\"Kauflex\",\"url\":\"https:\/\/www.kauflex.com\/\",\"sameAs\":[\"https:\/\/www.instagram.com\/kauflex\/\"],\"logo\":{\"@type\":\"ImageObject\",\"@id\":\"https:\/\/www.kauflex.com\/#logo\",\"inLanguage\":\"de-DE\",\"url\":\"https:\/\/www.kauflex.com\/wp-content\/uploads\/2016\/12\/logo4.png\",\"contentUrl\":\"https:\/\/www.kauflex.com\/wp-content\/uploads\/2016\/12\/logo4.png\",\"width\":338,\"height\":318,\"caption\":\"Kauflex\"},\"image\":{\"@id\":\"https:\/\/www.kauflex.com\/#logo\"}},{\"@type\":\"WebSite\",\"@id\":\"https:\/\/www.kauflex.com\/#website\",\"url\":\"https:\/\/www.kauflex.com\/\",\"name\":\"Kauflex\",\"description\":\"\",\"publisher\":{\"@id\":\"https:\/\/www.kauflex.com\/#organization\"},\"potentialAction\":[{\"@type\":\"SearchAction\",\"target\":{\"@type\":\"EntryPoint\",\"urlTemplate\":\"https:\/\/www.kauflex.com\/?s={search_term_string}\"},\"query-input\":\"required name=search_term_string\"}],\"inLanguage\":\"de-DE\"},{\"@type\":\"ImageObject\",\"@id\":\"https:\/\/www.kauflex.com\/de\/institutionell\/unser-technical-operations\/#primaryimage\",\"inLanguage\":\"de-DE\",\"url\":\"http:\/\/www.kauflex.com\/wp-content\/uploads\/2016\/10\/Screen-Shot-2016-11-27-at-9.17.17-PM-300x263.png\",\"contentUrl\":\"http:\/\/www.kauflex.com\/wp-content\/uploads\/2016\/10\/Screen-Shot-2016-11-27-at-9.17.17-PM-300x263.png\"},{\"@type\":\"WebPage\",\"@id\":\"https:\/\/www.kauflex.com\/de\/institutionell\/unser-technical-operations\/#webpage\",\"url\":\"https:\/\/www.kauflex.com\/de\/institutionell\/unser-technical-operations\/\",\"name\":\"Unser Technical Operations | Kauflex\",\"isPartOf\":{\"@id\":\"https:\/\/www.kauflex.com\/#website\"},\"primaryImageOfPage\":{\"@id\":\"https:\/\/www.kauflex.com\/de\/institutionell\/unser-technical-operations\/#primaryimage\"},\"datePublished\":\"2016-11-24T17:59:20+00:00\",\"dateModified\":\"2017-02-03T19:07:20+00:00\",\"breadcrumb\":{\"@id\":\"https:\/\/www.kauflex.com\/de\/institutionell\/unser-technical-operations\/#breadcrumb\"},\"inLanguage\":\"de-DE\",\"potentialAction\":[{\"@type\":\"ReadAction\",\"target\":[\"https:\/\/www.kauflex.com\/de\/institutionell\/unser-technical-operations\/\"]}]},{\"@type\":\"BreadcrumbList\",\"@id\":\"https:\/\/www.kauflex.com\/de\/institutionell\/unser-technical-operations\/#breadcrumb\",\"itemListElement\":[{\"@type\":\"ListItem\",\"position\":1,\"name\":\"Home\",\"item\":\"https:\/\/www.kauflex.com\/\"},{\"@type\":\"ListItem\",\"position\":2,\"name\":\"Institutionell\",\"item\":\"https:\/\/www.kauflex.com\/de\/institutionell\/\"},{\"@type\":\"ListItem\",\"position\":3,\"name\":\"Unser Technical Operations\"}]}]}<\/script>\n<!-- \/ Yoast SEO plugin. -->","_links":{"self":[{"href":"https:\/\/www.kauflex.com\/de\/wp-json\/wp\/v2\/pages\/355"}],"collection":[{"href":"https:\/\/www.kauflex.com\/de\/wp-json\/wp\/v2\/pages"}],"about":[{"href":"https:\/\/www.kauflex.com\/de\/wp-json\/wp\/v2\/types\/page"}],"author":[{"embeddable":true,"href":"https:\/\/www.kauflex.com\/de\/wp-json\/wp\/v2\/users\/1"}],"replies":[{"embeddable":true,"href":"https:\/\/www.kauflex.com\/de\/wp-json\/wp\/v2\/comments?post=355"}],"version-history":[{"count":3,"href":"https:\/\/www.kauflex.com\/de\/wp-json\/wp\/v2\/pages\/355\/revisions"}],"predecessor-version":[{"id":454,"href":"https:\/\/www.kauflex.com\/de\/wp-json\/wp\/v2\/pages\/355\/revisions\/454"}],"up":[{"embeddable":true,"href":"https:\/\/www.kauflex.com\/de\/wp-json\/wp\/v2\/pages\/271"}],"wp:attachment":[{"href":"https:\/\/www.kauflex.com\/de\/wp-json\/wp\/v2\/media?parent=355"}],"curies":[{"name":"wp","href":"https:\/\/api.w.org\/{rel}","templated":true}]}}