{"id":357,"date":"2016-11-24T20:00:10","date_gmt":"2016-11-24T18:00:10","guid":{"rendered":"http:\/\/www.kauflex.com\/?page_id=357&#038;lang=de"},"modified":"2017-02-03T21:00:32","modified_gmt":"2017-02-03T19:00:32","slug":"unsere-politik","status":"publish","type":"page","link":"https:\/\/www.kauflex.com\/de\/institutionell\/unsere-politik\/","title":{"rendered":"Unsere Politik"},"content":{"rendered":"<p>Die Unternehmenspolitik im KAUFLEX\u00ae-Konzern, basiert darauf sich auf die st\u00e4ndig Entwickelten und Ver\u00e4nderung der Marktbedingungen anzupassen, Wettbewerbsf\u00e4higkeit zu erh\u00f6hen, Exportm\u00f6glichkeiten zu verbessern und den Erwartungen der Kunden gerecht zu werden. KAUFLEX\u00ae unterh\u00e4lt das h\u00f6chste Niveau an Kundenzufriedenheit, ohne auf die Produktqualit\u00e4t zu verzichten. Durch Ver\u00e4nderungen beim Verfahren, Arbeitsschutz, Umwelt- und Managementsystemen wird eine kontinuierliche Verbesserung gezielt.<\/p>\n<p><strong>Unsere OHS-Politik<\/strong><br \/>\nAls KAUFLEX\u00ae, wird aktiv auf die Arbeitssicherheit hingewiesen und innerhalb der Betriebsgrenzen werden alle menschlische Ressourcen vor Arbeitsunf\u00e4llen und infolge von Verletzungen entstehenden gesundheitlichen Problemen gesch\u00fctzt. Mit unserer Arbeitsschutz \u2013Politik wird als Ziel Null-Unfall und dadurch entstehenden beruflichen Krankheiten gesetzt.<\/p>\n<p><strong>UMWELT<br \/>\n<\/strong>Als KAUFLEX\u00ae wird im ganzen Unternehmen Wert auf die Entwicklung des Umweltmanagementsystemens gelegt und im ganzen Rahmen angewendet.<\/p>\n","protected":false},"excerpt":{"rendered":"<p>Die Unternehmenspolitik im KAUFLEX\u00ae-Konzern, basiert darauf sich auf die st\u00e4ndig Entwickelten und Ver\u00e4nderung der Marktbedingungen anzupassen, Wettbewerbsf\u00e4higkeit zu erh\u00f6hen, Exportm\u00f6glichkeiten zu verbessern und den Erwartungen der Kunden gerecht zu werden. KAUFLEX\u00ae unterh\u00e4lt das h\u00f6chste Niveau an Kundenzufriedenheit, ohne auf die Produktqualit\u00e4t zu verzichten. Durch Ver\u00e4nderungen beim Verfahren, Arbeitsschutz, Umwelt- und Managementsystemen wird eine kontinuierliche Verbesserung [&hellip;]<\/p>\n","protected":false},"author":1,"featured_media":0,"parent":271,"menu_order":0,"comment_status":"closed","ping_status":"closed","template":"page-full-width.php","meta":{"_links_to":"","_links_to_target":""},"yoast_head":"<!-- This site is optimized with the Yoast SEO plugin v16.6.1 - https:\/\/yoast.com\/wordpress\/plugins\/seo\/ -->\n<meta name=\"robots\" content=\"index, follow, max-snippet:-1, max-image-preview:large, max-video-preview:-1\" \/>\n<link rel=\"canonical\" href=\"https:\/\/www.kauflex.com\/de\/institutionell\/unsere-politik\/\" \/>\n<meta property=\"og:locale\" content=\"de_DE\" \/>\n<meta property=\"og:type\" content=\"article\" \/>\n<meta property=\"og:title\" content=\"Unsere Politik | Kauflex\" \/>\n<meta property=\"og:description\" content=\"Die Unternehmenspolitik im KAUFLEX\u00ae-Konzern, basiert darauf sich auf die st\u00e4ndig Entwickelten und Ver\u00e4nderung der Marktbedingungen anzupassen, Wettbewerbsf\u00e4higkeit zu erh\u00f6hen, Exportm\u00f6glichkeiten zu verbessern und den Erwartungen der Kunden gerecht zu werden. KAUFLEX\u00ae unterh\u00e4lt das h\u00f6chste Niveau an Kundenzufriedenheit, ohne auf die Produktqualit\u00e4t zu verzichten. Durch Ver\u00e4nderungen beim Verfahren, Arbeitsschutz, Umwelt- und Managementsystemen wird eine kontinuierliche Verbesserung [&hellip;]\" \/>\n<meta property=\"og:url\" content=\"https:\/\/www.kauflex.com\/de\/institutionell\/unsere-politik\/\" \/>\n<meta property=\"og:site_name\" content=\"Kauflex\" \/>\n<meta property=\"article:modified_time\" content=\"2017-02-03T19:00:32+00:00\" \/>\n<meta name=\"twitter:card\" content=\"summary_large_image\" \/>\n<meta name=\"twitter:label1\" content=\"Est. reading time\" \/>\n\t<meta name=\"twitter:data1\" content=\"1 minute\" \/>\n<script type=\"application\/ld+json\" class=\"yoast-schema-graph\">{\"@context\":\"https:\/\/schema.org\",\"@graph\":[{\"@type\":\"Organization\",\"@id\":\"https:\/\/www.kauflex.com\/#organization\",\"name\":\"Kauflex\",\"url\":\"https:\/\/www.kauflex.com\/\",\"sameAs\":[\"https:\/\/www.instagram.com\/kauflex\/\"],\"logo\":{\"@type\":\"ImageObject\",\"@id\":\"https:\/\/www.kauflex.com\/#logo\",\"inLanguage\":\"de-DE\",\"url\":\"https:\/\/www.kauflex.com\/wp-content\/uploads\/2016\/12\/logo4.png\",\"contentUrl\":\"https:\/\/www.kauflex.com\/wp-content\/uploads\/2016\/12\/logo4.png\",\"width\":338,\"height\":318,\"caption\":\"Kauflex\"},\"image\":{\"@id\":\"https:\/\/www.kauflex.com\/#logo\"}},{\"@type\":\"WebSite\",\"@id\":\"https:\/\/www.kauflex.com\/#website\",\"url\":\"https:\/\/www.kauflex.com\/\",\"name\":\"Kauflex\",\"description\":\"\",\"publisher\":{\"@id\":\"https:\/\/www.kauflex.com\/#organization\"},\"potentialAction\":[{\"@type\":\"SearchAction\",\"target\":{\"@type\":\"EntryPoint\",\"urlTemplate\":\"https:\/\/www.kauflex.com\/?s={search_term_string}\"},\"query-input\":\"required name=search_term_string\"}],\"inLanguage\":\"de-DE\"},{\"@type\":\"WebPage\",\"@id\":\"https:\/\/www.kauflex.com\/de\/institutionell\/unsere-politik\/#webpage\",\"url\":\"https:\/\/www.kauflex.com\/de\/institutionell\/unsere-politik\/\",\"name\":\"Unsere Politik | Kauflex\",\"isPartOf\":{\"@id\":\"https:\/\/www.kauflex.com\/#website\"},\"datePublished\":\"2016-11-24T18:00:10+00:00\",\"dateModified\":\"2017-02-03T19:00:32+00:00\",\"breadcrumb\":{\"@id\":\"https:\/\/www.kauflex.com\/de\/institutionell\/unsere-politik\/#breadcrumb\"},\"inLanguage\":\"de-DE\",\"potentialAction\":[{\"@type\":\"ReadAction\",\"target\":[\"https:\/\/www.kauflex.com\/de\/institutionell\/unsere-politik\/\"]}]},{\"@type\":\"BreadcrumbList\",\"@id\":\"https:\/\/www.kauflex.com\/de\/institutionell\/unsere-politik\/#breadcrumb\",\"itemListElement\":[{\"@type\":\"ListItem\",\"position\":1,\"name\":\"Home\",\"item\":\"https:\/\/www.kauflex.com\/\"},{\"@type\":\"ListItem\",\"position\":2,\"name\":\"Institutionell\",\"item\":\"https:\/\/www.kauflex.com\/de\/institutionell\/\"},{\"@type\":\"ListItem\",\"position\":3,\"name\":\"Unsere Politik\"}]}]}<\/script>\n<!-- \/ Yoast SEO plugin. -->","_links":{"self":[{"href":"https:\/\/www.kauflex.com\/de\/wp-json\/wp\/v2\/pages\/357"}],"collection":[{"href":"https:\/\/www.kauflex.com\/de\/wp-json\/wp\/v2\/pages"}],"about":[{"href":"https:\/\/www.kauflex.com\/de\/wp-json\/wp\/v2\/types\/page"}],"author":[{"embeddable":true,"href":"https:\/\/www.kauflex.com\/de\/wp-json\/wp\/v2\/users\/1"}],"replies":[{"embeddable":true,"href":"https:\/\/www.kauflex.com\/de\/wp-json\/wp\/v2\/comments?post=357"}],"version-history":[{"count":1,"href":"https:\/\/www.kauflex.com\/de\/wp-json\/wp\/v2\/pages\/357\/revisions"}],"predecessor-version":[{"id":358,"href":"https:\/\/www.kauflex.com\/de\/wp-json\/wp\/v2\/pages\/357\/revisions\/358"}],"up":[{"embeddable":true,"href":"https:\/\/www.kauflex.com\/de\/wp-json\/wp\/v2\/pages\/271"}],"wp:attachment":[{"href":"https:\/\/www.kauflex.com\/de\/wp-json\/wp\/v2\/media?parent=357"}],"curies":[{"name":"wp","href":"https:\/\/api.w.org\/{rel}","templated":true}]}}